{"id":3,"date":"2025-07-05T16:29:39","date_gmt":"2025-07-05T16:29:39","guid":{"rendered":"https:\/\/santuariosantamariagoretti.it\/?page_id=3"},"modified":"2025-07-19T14:38:26","modified_gmt":"2025-07-19T14:38:26","slug":"privacy-policy","status":"publish","type":"page","link":"https:\/\/santuariosantamariagoretti.it\/index.php\/privacy-policy\/","title":{"rendered":"Privacy Policy"},"content":{"rendered":"<div class=\"fusion-fullwidth fullwidth-box fusion-builder-row-1 fusion-flex-container nonhundred-percent-fullwidth non-hundred-percent-height-scrolling\" style=\"--awb-border-radius-top-left:0px;--awb-border-radius-top-right:0px;--awb-border-radius-bottom-right:0px;--awb-border-radius-bottom-left:0px;--awb-flex-wrap:wrap;\" ><div class=\"fusion-builder-row fusion-row fusion-flex-align-items-flex-start fusion-flex-content-wrap\" style=\"max-width:1216.8px;margin-left: calc(-4% \/ 2 );margin-right: calc(-4% \/ 2 );\"><div class=\"fusion-layout-column fusion_builder_column fusion-builder-column-0 fusion_builder_column_1_1 1_1 fusion-flex-column\" style=\"--awb-bg-size:cover;--awb-width-large:100%;--awb-margin-top-large:0px;--awb-spacing-right-large:1.92%;--awb-margin-bottom-large:0px;--awb-spacing-left-large:1.92%;--awb-width-medium:100%;--awb-spacing-right-medium:1.92%;--awb-spacing-left-medium:1.92%;--awb-width-small:100%;--awb-spacing-right-small:1.92%;--awb-spacing-left-small:1.92%;\"><div class=\"fusion-column-wrapper fusion-flex-justify-content-flex-start fusion-content-layout-column\"><div class=\"fusion-text fusion-text-1\"><\/p>\n<h2 class=\"wp-block-heading\" style=\"color: var(--awb-color8);\">Informativa in materia di Privacy<\/h2>\n<p>Ai sensi degli artt. 13 e 14 del Regolamento UE n.679 del 2016 ogni interessato ha il diritto ad essere informato sulle finalit\u00e0 e modalit\u00e0 con cui saranno trattati i dati personali forniti.<\/p>\n<p>Loredana Mitidieri, nel rispetto della propria Privacy policy, vi INFORMA di quando segue:<\/p>\n<p>Titolare del sito santuariosantamariagoretti.it e del Trattamento dei Dati:<\/p>\n<p>Loredana Mitidieri<\/p>\n<p>Email del Titolare: info@santuariosantamariagoretti.<\/p>\n<p>in qualit\u00e0 di titolare del trattamento, La informa ai sensi dell\u2019art. 13 D.Lgs. 30.6.2003 n. 196 (in seguito, \u201cCodice Privacy\u201d) e dell\u2019art. 13 Regolamento UE n. 2016\/679 (in seguito, \u201cGDPR\u201d) che i Suoi dati saranno trattati con le modalit\u00e0 e per le finalit\u00e0 seguenti.<\/p>\n<p>Tipologie di Dati raccolti<\/p>\n<p>Fra i Dati Personali raccolti da questa Struttura, in modo autonomo o tramite terze parti, ci sono: Dati di utilizzo, nome, cognome, numero di telefono e email, dati relativi a sistemi di pagamento, dati fiscali, dati contabili.<\/p>\n<p>Non vengono raccolti dati a mezzo impianto di Videosorveglianza ai fini di sicurezza, art.13 del Codice in materia di protezione dei dati personali D.lgs. 196\/2003.<\/p>\n<p>I Dati Personali possono essere liberamente forniti dall\u2019Utente o, nel caso di Dati di Utilizzo, raccolti automaticamente durante l\u2019uso di applicazioni terze..<\/p>\n<p>Se non diversamente specificato, tutti i Dati richiesti da questa struttura sono obbligatori. Se l\u2019Utente rifiuta di comunicarli, potrebbe essere impossibile per questa struttura fornire il Servizio. Nei casi in cui questa struttura indichi alcuni Dati come facoltativi, gli Utenti sono liberi di astenersi dal comunicare tali Dati, senza che ci\u00f2 abbia alcuna conseguenza sulla disponibilit\u00e0 del Servizio o sulla sua operativit\u00e0.<\/p>\n<p>Gli Utenti che dovessero avere dubbi su quali Dati siano obbligatori, sono incoraggiati a contattare il Titolare.<\/p>\n<p>Finalit\u00e0 del trattamento<\/p>\n<p>I Suoi dati personali sono trattati:<\/p>\n<p>senza il Suo consenso espresso (art. 24 lett. a), b), c) Codice Privacy e art. 6 lett. b), e) GDPR), per le seguenti Finalit\u00e0 di Servizio:<\/p>\n<p>\u2013 concludere i contratti per i servizi del Titolare e Contattare l\u2019Utente.<\/p>\n<p>adempiere agli obblighi precontrattuali, contrattuali e fiscali derivanti da rapporti con Lei in essere;<\/p>\n<p>adempiere agli obblighi previsti dalla legge, da un regolamento, dalla normativa comunitaria o da un ordine dell\u2019Autorit\u00e0 (come ad esempio in materia di antiriciclaggio);<\/p>\n<p>esercitare i diritti del Titolare, ad esempio il diritto di difesa in giudizio;<\/p>\n<p>B) Solo previo Suo specifico e distinto consenso (artt. 23 e 130 Codice Privacy e art. 7<\/p>\n<p>GDPR), per le seguenti Finalit\u00e0 di Marketing:<\/p>\n<p>inviarLe via e-mail, posta e\/o sms e\/o contatti telefonici, newsletter, comunicazioni commerciali e\/o materiale pubblicitario su prodotti o servizi offerti dal Titolare e rilevazione del grado di soddisfazione sulla qualit\u00e0 dei servizi;<\/p>\n<p>inviarLe via e-mail, posta e\/o sms e\/o contatti telefonici comunicazioni commerciali e\/o promozionali di soggetti terzi (ad esempio, business partner, compagnie assicurative).<\/p>\n<p>Le segnaliamo che se siete gi\u00e0 nostri clienti, potremo inviarLe comunicazioni commerciali relative a servizi e prodotti del Titolare analoghi a quelli di cui ha gi\u00e0 usufruito, salvo Suo dissenso (art. 130 c. 4 Codice Privacy).<\/p>\n<p>Modalit\u00e0 e luogo del trattamento dei Dati raccolti<\/p>\n<p>Modalit\u00e0 di trattamento<\/p>\n<p>Il Titolare adotta le opportune misure di sicurezza volte ad impedire l\u2019accesso, la divulgazione, la modifica o la distruzione non autorizzate dei Dati Personali. Tutte le misure di sicurezza sono riportate nel Registro dei Trattamenti Privacy art.30 del GDPR.<\/p>\n<p>Il trattamento viene effettuato mediante strumenti informatici e\/o telematici, con modalit\u00e0 organizzative e con logiche strettamente correlate alle finalit\u00e0 indicate. Oltre al Titolare, in alcuni casi, potrebbero avere accesso ai Dati altri soggetti coinvolti nell\u2019organizzazione di questa Struttura (personale amministrativo, commerciale, marketing, legali, amministratori di sistema) ovvero soggetti esterni (come fornitori di servizi tecnici terzi, corrieri postali, hosting provider, societ\u00e0 informatiche, agenzie di comunicazione) nominati anche, se necessario, Responsabili del Trattamento da parte del Titolare. L\u2019elenco aggiornato dei Responsabili potr\u00e0 sempre essere richiesto al Titolare del Trattamento<\/p>\n<p>Senza la necessit\u00e0 di un espresso consenso (ex art. 24 lett. a), b), d) Codice Privacy e art. 6 lett. b) e c) GDPR), il Titolare potr\u00e0 comunicare i Suoi dati per le finalit\u00e0 di cui alle (Finalit\u00e0 del Trattamento 2.A) a Organismi di vigilanza (es . GARANTE DELLA PRIVACY), Autorit\u00e0 giudiziarie, a societ\u00e0 di assicurazione per la prestazione di servizi assicurativi, nonch\u00e9 a quei soggetti ai quali la comunicazione sia obbligatoria per legge per l\u2019espletamento delle finalit\u00e0 dette. Detti soggetti tratteranno i dati nella loro qualit\u00e0 di autonomi titolari del trattamento. I Suoi dati non saranno diffusi.<\/p>\n<p>Base giuridica del trattamento<\/p>\n<p>Il Titolare tratta Dati Personali relativi all\u2019Utente in caso sussista una delle seguenti condizioni:<\/p>\n<p>l\u2019Utente ha prestato il consenso per una o pi\u00f9 finalit\u00e0 specifiche; Nota: in alcuni ordinamenti il Titolare pu\u00f2 essere autorizzato a trattare Dati Personali senza che debba sussistere il consenso dell\u2019Utente o un\u2019altra delle basi giuridiche specificate di seguito, fino a quando l\u2019Utente non si opponga (\u201copt-out\u201d) a tale trattamento. Ci\u00f2 non \u00e8 tuttavia applicabile qualora il trattamento di Dati Personali sia regolato dalla legislazione europea in materia di protezione dei Dati Personali Nuovo Regolamento Europeo 679\/2016.<\/p>\n<p>il trattamento \u00e8 necessario all\u2019esecuzione di un contratto con l\u2019Utente e\/o all\u2019esecuzione di misure precontrattuali;<\/p>\n<p>il trattamento \u00e8 necessario per adempiere un obbligo legale al quale \u00e8 soggetto il Titolare;<\/p>\n<p>il trattamento \u00e8 necessario per l\u2019esecuzione di un compito di interesse pubblico o per l\u2019esercizio di pubblici poteri di cui \u00e8 investito il Titolare;<\/p>\n<p>il trattamento \u00e8 necessario per il perseguimento del legittimo interesse del Titolare o di terzi.<\/p>\n<p>E\u2019 comunque sempre possibile richiedere al Titolare di chiarire la concreta base giuridica di ciascun trattamento ed in particolare di specificare se il trattamento sia basato sulla legge, previsto da un contratto o necessario per concludere un contratto.<\/p>\n<p>Luogo<\/p>\n<p>I Dati sono trattati presso la sede operative del Titolare ed in ogni altro luogo in cui le parti coinvolte nel trattamento siano localizzate. Per ulteriori informazioni, contatta il Titolare.<\/p>\n<p>I Dati Personali dell\u2019Utente potrebbero essere trasferiti in un paese diverso da quello in cui l\u2019Utente si trova. Per ottenere ulteriori informazioni sul luogo del trattamento l\u2019Utente pu\u00f2 fare riferimento alla sezione relativa ai dettagli sul trattamento dei Dati Personali.<\/p>\n<p>L\u2019Utente ha diritto a ottenere informazioni in merito alla base giuridica del trasferimento di Dati al di fuori dell\u2019Unione Europea o ad un\u2019organizzazione internazionale di diritto internazionale pubblico o costituita da due o pi\u00f9 paesi, come ad esempio l\u2019ONU, nonch\u00e9 in merito alle misure di sicurezza adottate dal Titolare per proteggere i Dati.<\/p>\n<p>Qualora abbia luogo uno dei trasferimenti appena descritti, l\u2019Utente pu\u00f2 fare riferimento alle rispettive sezioni di questo documento o chiedere informazioni al Titolare contattandolo agli estremi riportati in apertura.<\/p>\n<p>Periodo di conservazione<\/p>\n<p>I Dati sono trattati e conservati per il tempo richiesto dalle finalit\u00e0 per le quali sono stati raccolti.<\/p>\n<p>Pertanto:<\/p>\n<p>I Dati Personali raccolti per scopi collegati all\u2019esecuzione di un contratto tra il Titolare e l\u2019Utente saranno trattenuti sino a quando sia completata l\u2019esecuzione di tale contratto.<\/p>\n<p>I Dati Personali raccolti per finalit\u00e0 riconducibili all\u2019interesse legittimo del Titolare saranno trattenuti sino al soddisfacimento di tale interesse. L\u2019Utente pu\u00f2 ottenere ulteriori informazioni in merito all\u2019interesse legittimo perseguito dal Titolare nelle relative sezioni di questo documento o contattando il Titolare.<\/p>\n<p>Quando il trattamento \u00e8 basato sul consenso dell\u2019Utente, il Titolare pu\u00f2 conservare i Dati Personali pi\u00f9 a lungo sino a quando detto consenso non venga revocato. Inoltre il Titolare potrebbe essere obbligato a conservare i Dati Personali per un periodo pi\u00f9 lungo in ottemperanza ad un obbligo di legge o per ordine di un\u2019autorit\u00e0.<\/p>\n<p>Al termine del periodo di conservazioni i Dati Personali saranno cancellati. Pertanto, allo spirare di tale termine il diritto di accesso, cancellazione, rettificazione ed il diritto alla portabilit\u00e0 dei Dati non potranno pi\u00f9 essere esercitati.<\/p>\n<p>Diritti dell\u2019Utente<\/p>\n<p>Gli Utenti possono esercitare determinati diritti con riferimento ai Dati trattati dal Titolare.<\/p>\n<p>In particolare, l\u2019Utente ha il diritto di:<\/p>\n<p>Nella Sua qualit\u00e0 di interessato, ha i diritti di cui all\u2019art. 7 Codice Privacy e art. 15<\/p>\n<p>GDPR e precisamente i diritti di:<\/p>\n<p>ottenere l\u2019indicazione: a) dell\u2019origine dei dati personali; b) delle finalit\u00e0 e modalit\u00e0 del trattamento; c) della logica applicata in caso di trattamento effettuato con l\u2019ausilio di strumenti elettronici; d) degli estremi identificativi del titolare, dei responsabili e del rappresentante designato ai sensi dell\u2019art. 5, comma 2 Codice Privacy e art. 3, comma 1, GDPR; e) dei soggetti o delle categorie di soggetti ai quali i dati personali possono essere comunicati o che possono venirne a conoscenza in qualit\u00e0 di rappresentante designato nel territorio dello Stato, di responsabili o incaricati;<\/p>\n<p>ottenere la conferma dell\u2019esistenza o meno di dati personali che La riguardano, anche se non ancora registrati, e la loro comunicazione in forma intelligibile;<\/p>\n<p>ottenere: a) l\u2019aggiornamento, la rettificazione ovvero, quando vi ha interesse, l\u2019integrazione dei dati; b) la cancellazione, la trasformazione in forma anonima o il blocco dei dati trattati in violazione di legge, compresi quelli di cui non \u00e8 necessaria la conservazione in relazione agli scopi per i quali i dati sono stati raccolti o successivamente trattati;<\/p>\n<p>l\u2019attestazione che le operazioni di cui alle lettere a) e b) sono state portate a conoscenza, anche per quanto riguarda il loro contenuto, di coloro ai quali i dati sono stati comunicati o diffusi, eccettuato il caso in cui tale adempimento si rivela impossibile o comporta un impiego di mezzi manifestamente sproporzionato rispetto al diritto tutelato;<\/p>\n<p>opporsi, in tutto o in parte: a) per motivi legittimi al trattamento dei dati personali che La riguardano, ancorch\u00e9 pertinenti allo scopo della raccolta; b) al trattamento di dati personali che La riguardano a fini di invio di materiale pubblicitario o di vendita diretta o per il compimento di ricerche di mercato o di comunicazione commerciale, mediante l\u2019uso di sistemi automatizzati di chiamata senza l\u2019intervento di un operatore mediante e-mail e\/o mediante modalit\u00e0 di marketing tradizionali mediante telefono e\/o posta cartacea. Si fa presente che il diritto di opposizione dell\u2019interessato, esposto al precedente punto b), per finalit\u00e0 di marketing diretto mediante modalit\u00e0 automatizzate si estende a quelle tradizionali e che comunque resta salva la possibilit\u00e0 per l\u2019interessato di esercitare il diritto di opposizione anche solo in parte. Pertanto, l\u2019interessato pu\u00f2 decidere di ricevere solo comunicazioni mediante modalit\u00e0 tradizionali ovvero solo comunicazioni automatizzate oppure nessuna delle due tipologie di comunicazione.<\/p>\n<p>Ove applicabili, ha altres\u00ec i diritti di cui agli artt. 16-21 GDPR (Diritto di rettifica, diritto all\u2019oblio, diritto di limitazione di trattamento, diritto alla portabilit\u00e0 dei dati, diritto di opposizione), nonch\u00e9 il diritto di reclamo all\u2019Autorit\u00e0 Garante<\/p>\n<p>Dettagli sul diritto di opposizione<\/p>\n<p>Quando i Dati Personali sono trattati nell\u2019interesse pubblico, nell\u2019esercizio di pubblici poteri di cui \u00e8 investito il Titolare oppure per perseguire un interesse legittimo del Titolare, gli Utenti hanno diritto ad opporsi al trattamento per motivi connessi alla loro situazione particolare.<\/p>\n<p>Si fa presente agli Utenti che, ove i loro Dati fossero trattati con finalit\u00e0 di marketing diretto, possono opporsi al trattamento senza fornire alcuna motivazione. Per scoprire se il Titolare tratti dati con finalit\u00e0 di marketing diretto gli Utenti possono fare riferimento alle rispettive sezioni di questo documento.<\/p>\n<p>Come esercitare i diritti<\/p>\n<p>Per esercitare i diritti dell\u2019Utente, gli Utenti possono indirizzare una richiesta agli estremi di contatto del Titolare indicati in questo documento. Le richieste sono depositate a titolo gratuito e evase dal Titolare nel pi\u00f9 breve tempo possibile, in ogni caso entro un mese.<\/p>\n<p>Ulteriori informazioni sul trattamento<\/p>\n<p>Difesa in giudizio<\/p>\n<p>I Dati Personali dell\u2019Utente possono essere utilizzati da parte del Titolare in giudizio o nelle fasi preparatorie alla sua eventuale instaurazione per la difesa da abusi nell\u2019utilizzo di questa Applicazione o dei Servizi connessi da parte dell\u2019Utente.<\/p>\n<p>L\u2019Utente dichiara di essere consapevole che il Titolare potrebbe essere obbligato a rivelare i Dati per ordine delle autorit\u00e0 pubbliche.<\/p>\n<p>Informazioni non contenute in questa policy<\/p>\n<p>Ulteriori informazioni in relazione al trattamento dei Dati Personali potranno essere richieste in qualsiasi momento al Titolare del Trattamento utilizzando gli estremi di contatto.<\/p>\n<p>Modifiche a questa privacy policy<\/p>\n<p>Il Titolare del Trattamento si riserva il diritto di apportare modifiche alla presente privacy policy in qualunque momento dandone informazione agli Utenti inviando una notifica agli Utenti attraverso uno degli estremi di contatto di cui \u00e8 in possesso il Titolare . Qualora le modifiche interessino trattamenti la cui base giuridica \u00e8 il consenso, il Titolare provveder\u00e0 a raccogliere nuovamente il consenso dell\u2019Utente, se necessario.<\/p>\n<h2>Informativa sull\u2019uso dei cookie<\/h2>\n<p>Questa informativa sull\u2019utilizzo dei cookie sul sito web santuariosantamariagoretti.it \u00e8 resa all\u2019utente in attuazione del provvedimento del Garante per la protezione dei dati personali dell\u20198 maggio 2014 \u201cIndividuazione delle modalit\u00e0 semplificate per l\u2019informativa e l\u2019acquisizione del consenso per l\u2019uso dei cookie\u201d e nel rispetto del Regolamento Europeo 2016\/679 GDPR.<\/p>\n<p>L\u2019informativa \u00e8 predisposta e aggiornata da Loredana Mitidieri, Titolare del trattamento di dati personali a esso connesso.<\/p>\n<p>Ogni ulteriore richiesta circa l\u2019utilizzo dei cookie nel presente sito web pu\u00f2 essere inviata all\u2019 indirizzo email info@santuariosantamariagoretti.it<\/p>\n<p>Puoi utilizzare lo stesso indirizzo per esercitare in qualsiasi momento i diritti che il Codice ti attribuisce in qualit\u00e0 di interessato (Regolamento Europeo 2016\/679 GDPR: ad esempio, accesso, cancellazione, aggiornamento, rettificazione, integrazione, ecc.), nonch\u00e9 per chiedere l\u2019elenco aggiornato dei Responsabili del trattamento eventualmente designati.<\/p>\n<p>I tuoi dati personali non sono in ogni caso comunicati n\u00e9 diffusi.<\/p>\n<p>CHE COSA SONO I COOKIE?<\/p>\n<p>I cookie sono stringhe di testo di piccola dimensione che un sito web pu\u00f2 inviare, durante la navigazione, al tuo dispositivo (sia esso un pc, un notebook, uno smartphone, un tablet; di norma sono conservati direttamente sul browser utilizzato per la navigazione). Lo stesso sito web che li ha trasmessi, poi pu\u00f2 leggere e registrare i cookie che si trovano sullo stesso dispositivo per ottenere informazioni di vario tipo. Quali? Per ogni tipo di cookie c\u2019\u00e8 un ruolo ben definito.<\/p>\n<p>QUANTI TIPI DI COOKIE ESISTONO?<\/p>\n<p>Esistono due macro-categorie fondamentali, con caratteristiche diverse: cookie tecnici e cookie di profilazione. I cookie tecnici sono generalmente necessari per il corretto funzionamento del sito web e per permettere la navigazione; senza di essi potresti non essere in grado di visualizzare correttamente le pagine oppure di utilizzare alcuni servizi. Per esempio, un cookie tecnico \u00e8 indispensabile per mantenere l\u2019utente collegato durante tutta la visita a un sito web, oppure per memorizzare le impostazioni della lingua, della visualizzazione, e cos\u00ec via.<\/p>\n<p>I cookie tecnici possono essere ulteriormente distinti in:<\/p>\n<p>cookie di navigazione, che garantiscono la normale navigazione e fruizione del sito web (permettendo, ad esempio, di realizzare un acquisto o autenticarsi per accedere ad aree riservate);<\/p>\n<p>cookie analytics, assimilati ai cookie tecnici solo laddove utilizzati direttamente dal gestore del sito per raccogliere informazioni, in forma aggregata, sul numero degli utenti e su come questi visitano il sito stesso.<\/p>\n<p>cookie di funzionalit\u00e0, che permettono all\u2019utente la navigazione in funzione di una serie di criteri selezionati (ad esempio, la lingua, i prodotti selezionati per l\u2019acquisto) al fine di migliorare il servizio reso allo stesso.<\/p>\n<p>I cookie di profilazione sono pi\u00f9 sofisticati! Questi cookie hanno il compito di profilare l\u2019utente e vengono utilizzati al fine di inviare messaggi pubblicitari in linea con le preferenze manifestate dallo stesso durante la sua navigazione.<\/p>\n<p>QUALI COOKIE UTILIZZA QUESTO SITO?<\/p>\n<p>Per migliorare il nostro sito e comprendere quali parti o elementi siano maggiormente apprezzati dagli utenti utilizziamo anche, come strumento di analisi anonima e aggregata, un cookie di terza parte, ossia Google Analytics. Questo cookie non \u00e8 uno strumento di nostra titolarit\u00e0, per maggiori informazioni, pertanto, \u00e8 possibile consultare l\u2019informativa fornita da Google al seguente indirizzo:<\/p>\n<p>http:\/\/www.google.it\/policies\/privacy\/partners\/<\/p>\n<p>Google Analytics \u00e8 un servizio di analisi web fornito da Google, attraverso il rilascio sul Vostro terminale di appositi cookies che vengono utilizzati al solo fine di ricavare informazioni statistiche anonime sull\u2019uso del sito.<\/p>\n<p>Questi cookie possono essere inviati dal fornitore dello strumento, ma sono utilizzati solo per scopi legati al sito.<\/p>\n<p>Cookie di Google Analytics<\/p>\n<p>Cookie di Google<\/p>\n<p>Se preferisci che Google Analytics non utilizzi i dati raccolti in nessun modo puoi modificare la configurazione di ogni browser in modo diverso. Essa \u00e8 descritta nel menu di aiuto del Vostro browser, che Vi permetter\u00e0 di conoscere il modo in cui cambiare le Vostre scelte riguardo i cookies.<\/p>\n<p>Internet Explorer\u2122: http:\/\/windows.microsoft.com\/it-IT\/windows-vista\/Block-or-allow-cookies<\/p>\n<p>Safari\u2122:http:\/\/www.apple.com\/it\/support\/<\/p>\n<p>Chrome\u2122:https:\/\/support.google.com\/chrome\/answer\/95647?hl=it&amp;hlrm=en<\/p>\n<p>Firefox\u2122:http:\/\/support.mozilla.org\/it\/kb\/Attivare%20e%20disattivare%20i%20cookie<\/p>\n<p>Opera\u2122:http:\/\/help.opera.com\/Windows\/10.20\/it\/cookies.html ecc.<\/p>\n<p>I cookies di Google Analytics possono anche essere rifiutati anche seguendo la procedura indicata da Google (https:\/\/tools.google.com\/dlpage\/gaoptout?hl=it).<\/p>\n<p>Il nostro sito rimarr\u00e0 comunque pienamente fruibile anche laddove abbiate deciso di disattivare la funzione di monitoraggio. Per un opt-out permanente, il browser deve accettare cookies permanenti. Se il Vostro browser non accetta i cookies permanenti, allora non \u00e8 tecnicamente possibile registrare l\u2019opt-out. Si prega di utilizzare le funzionalit\u00e0 del proprio browser per disattivare il monitoraggio (si veda in proposito il sito www.allaboutcookies.org).<\/p>\n<p>Per eliminare i cookie dal browser Internet del proprio smartphone\/tablet, \u00e8 necessario fare riferimento al manuale d\u2019uso del dispositivo.<\/p>\n<p>\u2014\u2014\u2014\u2014\u2014\u2014\u2014\u2014\u2014-<\/p>\n<p>Widget Google Map Il sito incorpora il widget di Google Map con la mappa dell\u2019attivit\u00e0 e tale servizio comporta l\u2019installazione di cookie da Google. Nessuna informazione viene invece condivisa dal sito in cui il widget \u00e8 incorporato. Per maggiori informazioni, anche sulla disattivazione di tali cookie, si consiglia di consultare il seguente link: https:\/\/www.google.com\/intl\/it_it\/policies\/privacy\/<\/p>\n<p>Pulsanti di social network<\/p>\n<p>I Social buttons sono quei particolari \u201cpulsanti\u201d presenti sul sito che raffigurano le icone di social network (esempio, Facebook e Youtube, Instagram, etc) e consentono agli utenti che stanno navigando di interagire con un \u201cclick\u201d direttamente con le piattaforme social.<\/p>\n<p>I social buttons sono dei link che rinviano agli account del Titolare sui social network raffigurati. Tramite l\u2019utilizzo di tali pulsanti non sono pertanto installati sul sito cookie di terze parti. Si riportano comunque i link ove l\u2019utente pu\u00f2 prendere visione dell\u2019informativa privacy relativa alla gestione dei dati da parte dei Social cui i pulsanti rinviano.<\/p>\n<p>https:\/\/www.facebook.com\/help\/cookies<\/p><\/p>\n<\/div><\/div><\/div><\/div><\/div>","protected":false},"excerpt":{"rendered":"","protected":false},"author":1,"featured_media":0,"parent":0,"menu_order":0,"comment_status":"closed","ping_status":"closed","template":"","meta":{"footnotes":""},"class_list":["post-3","page","type-page","status-publish","hentry"],"_links":{"self":[{"href":"https:\/\/santuariosantamariagoretti.it\/index.php\/wp-json\/wp\/v2\/pages\/3","targetHints":{"allow":["GET"]}}],"collection":[{"href":"https:\/\/santuariosantamariagoretti.it\/index.php\/wp-json\/wp\/v2\/pages"}],"about":[{"href":"https:\/\/santuariosantamariagoretti.it\/index.php\/wp-json\/wp\/v2\/types\/page"}],"author":[{"embeddable":true,"href":"https:\/\/santuariosantamariagoretti.it\/index.php\/wp-json\/wp\/v2\/users\/1"}],"replies":[{"embeddable":true,"href":"https:\/\/santuariosantamariagoretti.it\/index.php\/wp-json\/wp\/v2\/comments?post=3"}],"version-history":[{"count":5,"href":"https:\/\/santuariosantamariagoretti.it\/index.php\/wp-json\/wp\/v2\/pages\/3\/revisions"}],"predecessor-version":[{"id":460,"href":"https:\/\/santuariosantamariagoretti.it\/index.php\/wp-json\/wp\/v2\/pages\/3\/revisions\/460"}],"wp:attachment":[{"href":"https:\/\/santuariosantamariagoretti.it\/index.php\/wp-json\/wp\/v2\/media?parent=3"}],"curies":[{"name":"wp","href":"https:\/\/api.w.org\/{rel}","templated":true}]}}